{"id":58,"date":"2017-06-26T22:27:48","date_gmt":"2017-06-26T22:27:48","guid":{"rendered":"http:\/\/test.communitysharing.org\/?page_id=58"},"modified":"2022-12-28T18:23:34","modified_gmt":"2022-12-28T18:23:34","slug":"espanol","status":"publish","type":"page","link":"https:\/\/communitysharing.org\/?page_id=58","title":{"rendered":"Espa\u00f1ol"},"content":{"rendered":"<div id=\"contentArea\">\n<div id=\"mainContent\">\n<div id=\"contentArea\">\n<div id=\"mainContent\">\n<p><span class=\"underlined\"><strong>Comida<\/strong><\/span><br \/>\n<img loading=\"lazy\" decoding=\"async\" class=\"alignnone size-medium wp-image-441\" src=\"http:\/\/test.communitysharing.org\/wp-content\/uploads\/2017\/07\/IMG_0680-300x200.png\" alt=\"\" width=\"300\" height=\"200\" srcset=\"https:\/\/communitysharing.org\/wp-content\/uploads\/2017\/07\/IMG_0680-300x200.png 300w, https:\/\/communitysharing.org\/wp-content\/uploads\/2017\/07\/IMG_0680.png 750w\" sizes=\"(max-width: 300px) 100vw, 300px\" \/>\u00a0La despensa \u00e9sta abierta de 1:30p-6p lunes y 11:00-3:30 martes a viernes. Llame a la recepci\u00f3n para obtener m\u00e1s informaci\u00f3n: (541) 942-2176<\/p>\n<p><span class=\"underlined\"><strong>Asistencia para servicios de utilidad<\/strong><\/span><br \/>\nSi vive en Cottage Grove o Creswell, podemos ayudarlo con un pago a su compa\u00f1\u00eda de servicios p\u00fablicos. Llame a nuestro Coordinador del Programa de Energ\u00eda para obtener m\u00e1s informaci\u00f3n o para hacer una cita: (541) 942-6492.<\/p>\n<p><span class=\"underlined\"><strong>Asistencia para servicios de vivienda<\/strong><\/span><br \/>\nSi vive en Cottage Grove o Creswell, podemos ayudarlo con el alquiler, los dep\u00f3sitos y otros costos relacionados con la vivienda. Llame a nuestro Coordinador del Programa de Vivienda para obtener m\u00e1s informaci\u00f3n o para hacer una cita: (541) 942-2176.<\/p>\n<p><span class=\"underlined\"><strong>Asistencia para servicios de prescripci\u00f3nes<\/strong><\/span><br \/>\nSi vive en Cottage Grove o Creswell, podemos ayudarlo con una receta para usted o un miembro de su familia. Deber\u00e1 comunicarse con la farmacia y obtener una declaraci\u00f3n por escrito del costo de la receta y la persona para quien est\u00e1 escrita. Lleve esta informaci\u00f3n a Community Sharing durante nuestro horario comercial habitual. Llame a la recepci\u00f3n para obtener m\u00e1s informaci\u00f3n: (541) 942-2176.<\/p>\n<p><span class=\"underlined\"><strong>Asistencia para personas sin hogar<\/strong><\/span><br \/>\nAdem\u00e1s de cajas especiales de alimentos para personas que no tienen instalaciones para cocinar o almacenar alimentos fr\u00edos, ofrecemos propano y vales de duchas y lavander\u00eda. Llame a la recepci\u00f3n para obtener m\u00e1s informaci\u00f3n: (541) 942-2176.<\/p>\n<p><span class=\"underlined\"><strong>M\u00e1s servicios de asistencia<\/strong><\/span><br \/>\nEn diciembre se ofrecen cajas especiales de alimentos para las fiestas y un programa de regalos para las fiestas. Se requiere inscripci\u00f3n anticipada para participar en los programas de vacaciones. Llame a la recepci\u00f3n para obtener m\u00e1s informaci\u00f3n: (541) 942-2176.<\/p>\n<p style=\"text-align: center;\"><em><strong>\u00bfQuiere Ayudarnos?<\/strong><\/em><\/p>\n<p>En Community Sharing, siempre estamos agradecidos por la ayuda en la prestaci\u00f3n de servicios a los clientes y por el soporte operativo. A continuaci\u00f3n se presentan algunas formas en que podr\u00eda ayudar:<\/p>\n<ul>\n<li><strong>Donar su tiempo:<\/strong> necesitamos voluntarios para ayudar con muchos aspectos de nuestras operaciones, incluida nuestra despensa de alimentos y nuestro jard\u00edn comunitario. Para discutir oportunidades de voluntariado, llame al 541-942-2176.<\/li>\n<li><strong>Donar alimentos:<\/strong> la distribuci\u00f3n de cajas de alimentos de emergencia es una gran parte de nuestro servicio a la comunidad. Como resultado, tenemos una necesidad constante de alimentos con prote\u00ednas, bebidas de tipo seguro, f\u00f3rmula infantil y alimentos para beb\u00e9s (deben estar dentro de la fecha de uso sellada) e incluso alimentos para mascotas. Los productos de jardiner\u00eda tambi\u00e9n son siempre bienvenidos. Por favor, no alimentos &#8220;inesperados&#8221;: alimentos que se caen de un \u00e1rbol debido a condiciones demasiado maduras o ventosas.<\/li>\n<li><strong>Donar ropa:<\/strong> aceptamos ropa pr\u00e1ctica y poco usada para ni\u00f1os y adultos. Aseg\u00farese de que la ropa est\u00e9 limpia y poco usada.<\/li>\n<li><strong>Donar dinero:<\/strong> nuestra agencia depende en gran medida de las donaciones del p\u00fablico para continuar brindando nuestros servicios tan necesarios. Como somos una agencia sin fines de lucro, su donaci\u00f3n es deducible de impuestos. Visite nuestra <a href=\"https:\/\/communitysharing.org\/?page_id=54\">p\u00e1gina de donaciones<\/a> para donar en l\u00ednea a Community Sharing. Es f\u00e1cil y sin complicaciones, y su donaci\u00f3n va directamente a ayudar a los muchos residentes del \u00e1rea de Cottage Grove que servimos.<\/li>\n<li><strong>Donar sus servicios o art\u00edculos:<\/strong> nos encantar\u00eda asociarnos con empresas o miembros de la comunidad que pudieran ofrecer servicios muy necesarios a nuestros clientes. Por ejemplo, cortes de cabello donados o art\u00edculos adicionales de nuestra lista de deseos actual. Ll\u00e1menos al 541-942-2176 para discutir las posibilidades.<\/li>\n<li><strong>Suscribir un evento o programa:<\/strong> Otra oportunidad para mostrar su apoyo es a trav\u00e9s de la donaci\u00f3n de dinero para apoyar un evento espec\u00edfico o un programa de extension comunitaria. Nuestro programa planean varios eventos durante todo el a\u00f1o y siempre podr\u00eda utilizar el apoyo financiero para ampliar la participaci\u00f3n o correr la voz acerca de nuestros servicios.<\/li>\n<\/ul>\n<\/div>\n<p class=\"clear\">\n<\/div>\n<p id=\"footer\">\n<\/div>\n<\/div>\n<p id=\"footer\">\n<a class=\"synved-social-button synved-social-button-share synved-social-size-24 synved-social-resolution-single synved-social-provider-facebook nolightbox\" data-provider=\"facebook\" target=\"_blank\" rel=\"nofollow\" title=\"Share on Facebook\" href=\"https:\/\/www.facebook.com\/sharer.php?u=https%3A%2F%2Fcommunitysharing.org%2Findex.php%3Frest_route%3D%252Fwp%252Fv2%252Fpages%252F58&#038;t=Espa%C3%B1ol&#038;s=100&#038;p&#091;url&#093;=https%3A%2F%2Fcommunitysharing.org%2Findex.php%3Frest_route%3D%252Fwp%252Fv2%252Fpages%252F58&#038;p&#091;images&#093;&#091;0&#093;=http%3A%2F%2Ftest.communitysharing.org%2Fwp-content%2Fuploads%2F2017%2F07%2FIMG_0680-300x200.png&#038;p&#091;title&#093;=Espa%C3%B1ol\" style=\"font-size: 0px;width:24px;height:24px;margin:0;margin-bottom:5px;margin-right:5px\"><img loading=\"lazy\" decoding=\"async\" alt=\"Facebook\" title=\"Share on Facebook\" class=\"synved-share-image synved-social-image synved-social-image-share\" width=\"24\" height=\"24\" style=\"display: inline;width:24px;height:24px;margin: 0;padding: 0;border: none;box-shadow: none\" src=\"https:\/\/communitysharing.org\/wp-content\/plugins\/social-media-feather\/synved-social\/image\/social\/regular\/48x48\/facebook.png\" \/><\/a><a class=\"synved-social-button synved-social-button-share synved-social-size-24 synved-social-resolution-single synved-social-provider-twitter nolightbox\" data-provider=\"twitter\" target=\"_blank\" rel=\"nofollow\" title=\"Share on Twitter\" href=\"https:\/\/twitter.com\/intent\/tweet?url=https%3A%2F%2Fcommunitysharing.org%2Findex.php%3Frest_route%3D%252Fwp%252Fv2%252Fpages%252F58&#038;text=Hey%20check%20this%20out\" style=\"font-size: 0px;width:24px;height:24px;margin:0;margin-bottom:5px;margin-right:5px\"><img loading=\"lazy\" decoding=\"async\" alt=\"twitter\" title=\"Share on Twitter\" class=\"synved-share-image synved-social-image synved-social-image-share\" width=\"24\" height=\"24\" style=\"display: inline;width:24px;height:24px;margin: 0;padding: 0;border: none;box-shadow: none\" src=\"https:\/\/communitysharing.org\/wp-content\/plugins\/social-media-feather\/synved-social\/image\/social\/regular\/48x48\/twitter.png\" \/><\/a><a class=\"synved-social-button synved-social-button-share synved-social-size-24 synved-social-resolution-single synved-social-provider-reddit nolightbox\" data-provider=\"reddit\" target=\"_blank\" rel=\"nofollow\" title=\"Share on Reddit\" href=\"https:\/\/www.reddit.com\/submit?url=https%3A%2F%2Fcommunitysharing.org%2Findex.php%3Frest_route%3D%252Fwp%252Fv2%252Fpages%252F58&#038;title=Espa%C3%B1ol\" style=\"font-size: 0px;width:24px;height:24px;margin:0;margin-bottom:5px;margin-right:5px\"><img loading=\"lazy\" decoding=\"async\" alt=\"reddit\" title=\"Share on Reddit\" class=\"synved-share-image synved-social-image synved-social-image-share\" width=\"24\" height=\"24\" style=\"display: inline;width:24px;height:24px;margin: 0;padding: 0;border: none;box-shadow: none\" src=\"https:\/\/communitysharing.org\/wp-content\/plugins\/social-media-feather\/synved-social\/image\/social\/regular\/48x48\/reddit.png\" \/><\/a><a class=\"synved-social-button synved-social-button-share synved-social-size-24 synved-social-resolution-single synved-social-provider-pinterest nolightbox\" data-provider=\"pinterest\" target=\"_blank\" rel=\"nofollow\" title=\"Pin it with Pinterest\" href=\"https:\/\/pinterest.com\/pin\/create\/button\/?url=https%3A%2F%2Fcommunitysharing.org%2Findex.php%3Frest_route%3D%252Fwp%252Fv2%252Fpages%252F58&#038;media=http%3A%2F%2Ftest.communitysharing.org%2Fwp-content%2Fuploads%2F2017%2F07%2FIMG_0680-300x200.png&#038;description=Espa%C3%B1ol\" style=\"font-size: 0px;width:24px;height:24px;margin:0;margin-bottom:5px;margin-right:5px\"><img loading=\"lazy\" decoding=\"async\" alt=\"pinterest\" title=\"Pin it with Pinterest\" class=\"synved-share-image synved-social-image synved-social-image-share\" width=\"24\" height=\"24\" style=\"display: inline;width:24px;height:24px;margin: 0;padding: 0;border: none;box-shadow: none\" src=\"https:\/\/communitysharing.org\/wp-content\/plugins\/social-media-feather\/synved-social\/image\/social\/regular\/48x48\/pinterest.png\" \/><\/a><a class=\"synved-social-button synved-social-button-share synved-social-size-24 synved-social-resolution-single synved-social-provider-linkedin nolightbox\" data-provider=\"linkedin\" target=\"_blank\" rel=\"nofollow\" title=\"Share on Linkedin\" href=\"https:\/\/www.linkedin.com\/shareArticle?mini=true&#038;url=https%3A%2F%2Fcommunitysharing.org%2Findex.php%3Frest_route%3D%252Fwp%252Fv2%252Fpages%252F58&#038;title=Espa%C3%B1ol\" style=\"font-size: 0px;width:24px;height:24px;margin:0;margin-bottom:5px;margin-right:5px\"><img loading=\"lazy\" decoding=\"async\" alt=\"linkedin\" title=\"Share on Linkedin\" class=\"synved-share-image synved-social-image synved-social-image-share\" width=\"24\" height=\"24\" style=\"display: inline;width:24px;height:24px;margin: 0;padding: 0;border: none;box-shadow: none\" src=\"https:\/\/communitysharing.org\/wp-content\/plugins\/social-media-feather\/synved-social\/image\/social\/regular\/48x48\/linkedin.png\" \/><\/a><a class=\"synved-social-button synved-social-button-share synved-social-size-24 synved-social-resolution-single synved-social-provider-mail nolightbox\" data-provider=\"mail\" rel=\"nofollow\" title=\"Share by email\" href=\"mailto:?subject=Espa%C3%B1ol&#038;body=Hey%20check%20this%20out:%20https%3A%2F%2Fcommunitysharing.org%2Findex.php%3Frest_route%3D%252Fwp%252Fv2%252Fpages%252F58\" style=\"font-size: 0px;width:24px;height:24px;margin:0;margin-bottom:5px\"><img loading=\"lazy\" decoding=\"async\" alt=\"mail\" title=\"Share by email\" class=\"synved-share-image synved-social-image synved-social-image-share\" width=\"24\" height=\"24\" style=\"display: inline;width:24px;height:24px;margin: 0;padding: 0;border: none;box-shadow: none\" src=\"https:\/\/communitysharing.org\/wp-content\/plugins\/social-media-feather\/synved-social\/image\/social\/regular\/48x48\/mail.png\" \/><\/a>","protected":false},"excerpt":{"rendered":"<p>Comida \u00a0La despensa \u00e9sta abierta de 1:30p-6p lunes y 11:00-3:30 martes a viernes. Llame a la recepci\u00f3n para obtener m\u00e1s informaci\u00f3n: (541) 942-2176 Asistencia para servicios de utilidad Si vive en Cottage Grove o Creswell, podemos ayudarlo con un pago a su compa\u00f1\u00eda de servicios p\u00fablicos. Llame a nuestro Coordinador del Programa de Energ\u00eda para <a class=\"read-more\" href=\"https:\/\/communitysharing.org\/?page_id=58\">Read More<\/a><\/p>\n","protected":false},"author":1,"featured_media":0,"parent":0,"menu_order":0,"comment_status":"closed","ping_status":"closed","template":"","meta":{"footnotes":""},"class_list":["post-58","page","type-page","status-publish","hentry"],"_links":{"self":[{"href":"https:\/\/communitysharing.org\/index.php?rest_route=\/wp\/v2\/pages\/58"}],"collection":[{"href":"https:\/\/communitysharing.org\/index.php?rest_route=\/wp\/v2\/pages"}],"about":[{"href":"https:\/\/communitysharing.org\/index.php?rest_route=\/wp\/v2\/types\/page"}],"author":[{"embeddable":true,"href":"https:\/\/communitysharing.org\/index.php?rest_route=\/wp\/v2\/users\/1"}],"replies":[{"embeddable":true,"href":"https:\/\/communitysharing.org\/index.php?rest_route=%2Fwp%2Fv2%2Fcomments&post=58"}],"version-history":[{"count":18,"href":"https:\/\/communitysharing.org\/index.php?rest_route=\/wp\/v2\/pages\/58\/revisions"}],"predecessor-version":[{"id":1158,"href":"https:\/\/communitysharing.org\/index.php?rest_route=\/wp\/v2\/pages\/58\/revisions\/1158"}],"wp:attachment":[{"href":"https:\/\/communitysharing.org\/index.php?rest_route=%2Fwp%2Fv2%2Fmedia&parent=58"}],"curies":[{"name":"wp","href":"https:\/\/api.w.org\/{rel}","templated":true}]}}